{"id":1,"date":"2013-03-17T17:38:59","date_gmt":"2013-03-17T16:38:59","guid":{"rendered":"http:\/\/amies.revuesilence.net\/wp\/?p=1"},"modified":"2026-02-09T19:09:03","modified_gmt":"2026-02-09T18:09:03","slug":"qui-sommes-nous","status":"publish","type":"page","link":"https:\/\/ami-e-sdesilence.fr\/index.php\/qui-sommes-nous","title":{"rendered":"Qui sommes-nous?"},"content":{"rendered":"<h3><span style=\"color: #0a7b4d;\">Pr\u00e9sentation<\/span><\/h3>\n<p>L&rsquo;association des Ami-e-s de S!lence a pour but de favoriser les liens, les rencontres et les actions entre les lectrices et lecteurs de <a href=\"http:\/\/www.revuesilence.net\" target=\"_blank\" rel=\"noopener noreferrer\">la revue alternative S!lence<\/a>, et <span style=\"color: #186d92;\"><strong>promouvoir l&rsquo;\u00e9cologie, les alternatives et la non-violence<\/strong><\/span>, dans l&rsquo;esprit de la revue. Son activit\u00e9 principale est l&rsquo;organisation de Rencontres durant la p\u00e9riode estivale.<\/p>\n<h3><span style=\"color: #0a7b4d;\">Historique<\/span><\/h3>\n<p><a href=\"http:\/\/www.revuesilence.net\/index.php\"><img loading=\"lazy\" decoding=\"async\" class=\"alignright\" src=\"http:\/\/www.revuesilence.net\/uploads\/images\/couv_numeros\/400-449\/416web.jpg\" alt=\"Revue S!lence\" width=\"164\" height=\"215\" \/><\/a>La revue S!lence (<span style=\"color: #186d92;\"><strong>Ecologie &#8211; Alternatives &#8211; Non Violence<\/strong><\/span>) est publi\u00e9e depuis 1982. Elle se veut un lien entre toutes celles et ceux qui pensent qu&rsquo;aujourd&rsquo;hui<span style=\"color: #000000;\"> il est possible de vivre autrement sans\u00a0accepter ce que les m\u00e9dias et le pouvoir nous pr\u00e9sentent comme une fatalit\u00e9.<\/span><\/p>\n<p><strong><span style=\"color: #186d92;\">En 2002, pour f\u00eater ses 20 ans, S!lence avait organis\u00e9 une grande rencontre entre lecteurs et lectrices<\/span><\/strong>, sous le principe de l\u2019auberge espagnole\u00a0: on y trouve ce qui a \u00e9t\u00e9 apport\u00e9, et comme chacun apporte le meilleur\u2026<\/p>\n<p><span style=\"color: #186d92;\"><strong>Des participants enthousiastes ont eu envie de \u00ab\u00a0remettre \u00e7a\u00a0\u00bb chaque ann\u00e9e, et<\/strong><\/span> <strong><span style=\"color: #186d92;\">ont cr\u00e9\u00e9 l\u2019association des Ami-e-s de S!lence en 2003<\/span><\/strong>. Distincte de la revue, elle reste fid\u00e8le aux valeurs qu\u2019elle partage avec\u00a0 S!lence\u00a0: alternatives, non-violence, \u00e9cologie, d\u00e9croissance\u2026<\/p>\n<p><span style=\"color: #186d92;\"><strong>Et les rencontres sont devenues annuelles!<\/strong><\/span><\/p>\n<p><span style=\"border-radius: 2px; text-indent: 20px; width: auto; padding: 0px 4px 0px 0px; text-align: center; font: bold 11px\/20px 'Helvetica Neue',Helvetica,sans-serif; color: #ffffff; background: #bd081c no-repeat scroll 3px 50% \/ 14px 14px; position: absolute; opacity: 1; z-index: 8675309; display: none; cursor: pointer;\">Enregistrer<\/span><\/p>\n<p><span style=\"border-radius: 2px; text-indent: 20px; width: auto; padding: 0px 4px 0px 0px; text-align: center; font: bold 11px\/20px 'Helvetica Neue',Helvetica,sans-serif; color: #ffffff; background: #bd081c no-repeat scroll 3px 50% \/ 14px 14px; position: absolute; opacity: 1; z-index: 8675309; display: none; cursor: pointer;\">Enregistrer<\/span><\/p>\n","protected":false},"excerpt":{"rendered":"<p>Pr\u00e9sentation L&rsquo;association des Ami-e-s de S!lence a pour but de favoriser les liens, les rencontres et les actions entre les lectrices et lecteurs de la revue alternative S!lence, et promouvoir l&rsquo;\u00e9cologie, les alternatives et la non-violence, dans l&rsquo;esprit de la &hellip; <a class=\"more-link\" href=\"https:\/\/ami-e-sdesilence.fr\/index.php\/qui-sommes-nous\">Lire la suite <span class=\"meta-nav\">&rarr;<\/span><\/a><\/p>\n","protected":false},"author":4,"featured_media":0,"parent":0,"menu_order":2,"comment_status":"closed","ping_status":"open","template":"","meta":{"footnotes":""},"class_list":["post-1","page","type-page","status-publish","hentry"],"_links":{"self":[{"href":"https:\/\/ami-e-sdesilence.fr\/index.php\/wp-json\/wp\/v2\/pages\/1","targetHints":{"allow":["GET"]}}],"collection":[{"href":"https:\/\/ami-e-sdesilence.fr\/index.php\/wp-json\/wp\/v2\/pages"}],"about":[{"href":"https:\/\/ami-e-sdesilence.fr\/index.php\/wp-json\/wp\/v2\/types\/page"}],"author":[{"embeddable":true,"href":"https:\/\/ami-e-sdesilence.fr\/index.php\/wp-json\/wp\/v2\/users\/4"}],"replies":[{"embeddable":true,"href":"https:\/\/ami-e-sdesilence.fr\/index.php\/wp-json\/wp\/v2\/comments?post=1"}],"version-history":[{"count":39,"href":"https:\/\/ami-e-sdesilence.fr\/index.php\/wp-json\/wp\/v2\/pages\/1\/revisions"}],"predecessor-version":[{"id":2472,"href":"https:\/\/ami-e-sdesilence.fr\/index.php\/wp-json\/wp\/v2\/pages\/1\/revisions\/2472"}],"wp:attachment":[{"href":"https:\/\/ami-e-sdesilence.fr\/index.php\/wp-json\/wp\/v2\/media?parent=1"}],"curies":[{"name":"wp","href":"https:\/\/api.w.org\/{rel}","templated":true}]}}